{"id":110,"date":"2021-08-13T15:41:55","date_gmt":"2021-08-13T15:41:55","guid":{"rendered":"https:\/\/loehninger-ziiting.ch\/?page_id=110"},"modified":"2021-08-13T15:42:30","modified_gmt":"2021-08-13T15:42:30","slug":"ausgabe-5","status":"publish","type":"page","link":"https:\/\/loehninger-ziiting.ch\/?page_id=110","title":{"rendered":"Archiv Ausgabe 5"},"content":{"rendered":"<p><strong>Mundart<\/strong><\/p>\n<p>Wenn Sie nicht alle Mundart-Ausdr\u00fccke verstanden haben, k\u00f6nnen Sie alle hier nachlesen:<\/p>\n<p><strong>Hornochse:<\/strong> Hornochse<br \/>\n<strong>Rindvicher:<\/strong> Rindvieh<br \/>\n<strong>Pr\u00e4laagi:<\/strong> Maulheld, Angeber<br \/>\n<strong>Gal\u00f6\u00f6ri:<\/strong> Einfaltspinsel, leichtlebiger Mensch<br \/>\n<strong>Tschumpeli:<\/strong> einf\u00e4ltiger Mensch, Trottel<br \/>\n<strong>Bl\u00f6ffsack:<\/strong> Angeber<br \/>\n<strong>Sibesiech:<\/strong> Tausendsassa<br \/>\n<strong>Tschumpel:<\/strong> einf\u00e4ltiger Mensch, Trottel<br \/>\n<strong>Tubel d\u00f6rt obe:<\/strong> Der Dummkopf da oben<br \/>\n<strong>Aahning:<\/strong> Ahnung<br \/>\n<strong>Goofen:<\/strong> Kinder, M\u00e4dchen<br \/>\n<strong>Saugoofen:<\/strong> freche, unversch\u00e4mte Kinder<br \/>\n<strong>L\u00f6\u00f6li:<\/strong> gutmutiger Dummkopf, Einfaltspinsel<br \/>\n<strong>chl\u00f6\u00f6nen:<\/strong> jammern, st\u00f6hnen<br \/>\n<strong>t\u00f6nd gern ummemuule:<\/strong> sie widersprechen gerne<br \/>\n<strong>Bessew\u00fcsse:<\/strong> Besserwisser<br \/>\n<strong>Schlufis:<\/strong> schlampiger, liederlicher Mensch \/ Spitzbube, Schlingel<br \/>\n<strong>Tr\u00fcmmler.<\/strong> unzuverl\u00e4ssiger Kerl<br \/>\n<strong>Rappeschpalter:<\/strong> Geizhals<br \/>\n<strong>Giizgn\u00e4pper:<\/strong> Geizhals<br \/>\n<strong>r\u00e4chte Trucke:<\/strong> eine richtige Frau (abwertend)<br \/>\n<strong>Babeli:<\/strong> Dummerchen, gutm\u00fctige, einf\u00e4ltige Frau<br \/>\n<strong>Zw\u00e4gschte:<\/strong> Zwetschge<br \/>\n<strong>Boom:<\/strong> Baum<br \/>\n<strong>Scheese:<\/strong> Frau, M\u00e4dchen (abwertend)<\/p>\n<p><em>Quellen: Schaffhauser Mundartw\u00f6rterbuch<br \/>\n<\/em><\/p>\n<p>&nbsp;<\/p>\n","protected":false},"excerpt":{"rendered":"<p>Mundart Wenn Sie nicht alle Mundart-Ausdr\u00fccke verstanden haben, k\u00f6nnen Sie alle hier nachlesen: Hornochse: Hornochse Rindvicher: Rindvieh Pr\u00e4laagi: Maulheld, Angeber Gal\u00f6\u00f6ri: Einfaltspinsel, leichtlebiger Mensch Tschumpeli: [&#8230;]<\/p>\n","protected":false},"author":1,"featured_media":0,"parent":0,"menu_order":0,"comment_status":"closed","ping_status":"closed","template":"","meta":{"footnotes":""},"class_list":["post-110","page","type-page","status-publish","hentry"],"_links":{"self":[{"href":"https:\/\/loehninger-ziiting.ch\/index.php?rest_route=\/wp\/v2\/pages\/110","targetHints":{"allow":["GET"]}}],"collection":[{"href":"https:\/\/loehninger-ziiting.ch\/index.php?rest_route=\/wp\/v2\/pages"}],"about":[{"href":"https:\/\/loehninger-ziiting.ch\/index.php?rest_route=\/wp\/v2\/types\/page"}],"author":[{"embeddable":true,"href":"https:\/\/loehninger-ziiting.ch\/index.php?rest_route=\/wp\/v2\/users\/1"}],"replies":[{"embeddable":true,"href":"https:\/\/loehninger-ziiting.ch\/index.php?rest_route=%2Fwp%2Fv2%2Fcomments&post=110"}],"version-history":[{"count":3,"href":"https:\/\/loehninger-ziiting.ch\/index.php?rest_route=\/wp\/v2\/pages\/110\/revisions"}],"predecessor-version":[{"id":122,"href":"https:\/\/loehninger-ziiting.ch\/index.php?rest_route=\/wp\/v2\/pages\/110\/revisions\/122"}],"wp:attachment":[{"href":"https:\/\/loehninger-ziiting.ch\/index.php?rest_route=%2Fwp%2Fv2%2Fmedia&parent=110"}],"curies":[{"name":"wp","href":"https:\/\/api.w.org\/{rel}","templated":true}]}}