{"id":126,"date":"2021-11-01T19:23:40","date_gmt":"2021-11-01T19:23:40","guid":{"rendered":"https:\/\/loehninger-ziiting.ch\/?page_id=126"},"modified":"2021-11-01T19:23:40","modified_gmt":"2021-11-01T19:23:40","slug":"archiv-ausgabe-6","status":"publish","type":"page","link":"https:\/\/loehninger-ziiting.ch\/?page_id=126","title":{"rendered":"Archiv Ausgabe 6"},"content":{"rendered":"<p><strong>Mundart<\/strong><\/p>\n<p>Wenn Sie nicht alle Mundart-Ausdr\u00fccke verstanden haben, k\u00f6nnen Sie alle hier nachlesen:<\/p>\n<p><strong>Fl\u00e4derm\u00fc\u00fcs: <\/strong>Fledermaus<strong><br \/>\n<\/strong><strong>Wurmaasle:<\/strong> kleine Hausameise<br \/>\n<strong>M\u00fc\u00fcs:<\/strong> M\u00e4use<br \/>\n<strong>Ohrem\u00fctzler:<\/strong> Ohrwurm<br \/>\n<strong>Zimmemanne:<\/strong> Weberknecht (Spinne)<br \/>\n<strong>Holzbock:<\/strong> Zecke<br \/>\n<strong>S\u00fcggel:<\/strong> Schwein<br \/>\n<strong>F\u00e4\u00e4rli:<\/strong> Ferkel<br \/>\n<strong>R\u00f6sser:<\/strong> Pferde<br \/>\n<strong>F\u00fcli:<\/strong> Fohlen<br \/>\n<strong>H\u00f6\u00f6r:<\/strong> H\u00fchner<br \/>\n<strong>Bibeli:<\/strong> K\u00fcken<br \/>\n<strong>Geisse:<\/strong> Geissen<br \/>\n<strong>Gizzi:<\/strong> Zicklein<br \/>\n<strong>Siggel\/Suggel:<\/strong> Schnuller, Sauger<br \/>\n<strong>B\u00e4fzger:<\/strong> kl\u00e4ffender Hund<br \/>\n<strong>Hoh:<\/strong> Huhn<br \/>\n<strong>Sch\u00e4\u00e4rmuuser:<\/strong> M\u00e4usef\u00e4nger, Feldmauser<br \/>\n<strong>Aacherli:<\/strong> Eichh\u00f6rnchen<br \/>\n<strong>Wiseli:<\/strong> Wiesel<br \/>\n<strong>Uh\u00fc\u00fcle:<\/strong> Eule<br \/>\n<strong>Gwaagge:<\/strong> Raben, Kr\u00e4hen<br \/>\n<strong>H\u00e4tzle:<\/strong> Eichelh\u00e4her<br \/>\n<strong>Fochtelgrabe:<\/strong> Bach zwischen L\u00f6hningen und Neunkirch<br \/>\n<strong>Busle:<\/strong> Katze<br \/>\n<strong>Gugger:<\/strong> Kukuck<br \/>\n<strong>G\u00fcggel:<\/strong> Hahn<\/p>\n<p><em>Quelle: Schaffhauser Mundartw\u00f6rterbuch<br \/>\n<\/em><\/p>\n<p>&nbsp;<\/p>\n","protected":false},"excerpt":{"rendered":"<p>Mundart Wenn Sie nicht alle Mundart-Ausdr\u00fccke verstanden haben, k\u00f6nnen Sie alle hier nachlesen: Fl\u00e4derm\u00fc\u00fcs: Fledermaus Wurmaasle: kleine Hausameise M\u00fc\u00fcs: M\u00e4use Ohrem\u00fctzler: Ohrwurm Zimmemanne: Weberknecht (Spinne) [&#8230;]<\/p>\n","protected":false},"author":1,"featured_media":0,"parent":0,"menu_order":0,"comment_status":"closed","ping_status":"closed","template":"","meta":{"footnotes":""},"class_list":["post-126","page","type-page","status-publish","hentry"],"_links":{"self":[{"href":"https:\/\/loehninger-ziiting.ch\/index.php?rest_route=\/wp\/v2\/pages\/126","targetHints":{"allow":["GET"]}}],"collection":[{"href":"https:\/\/loehninger-ziiting.ch\/index.php?rest_route=\/wp\/v2\/pages"}],"about":[{"href":"https:\/\/loehninger-ziiting.ch\/index.php?rest_route=\/wp\/v2\/types\/page"}],"author":[{"embeddable":true,"href":"https:\/\/loehninger-ziiting.ch\/index.php?rest_route=\/wp\/v2\/users\/1"}],"replies":[{"embeddable":true,"href":"https:\/\/loehninger-ziiting.ch\/index.php?rest_route=%2Fwp%2Fv2%2Fcomments&post=126"}],"version-history":[{"count":1,"href":"https:\/\/loehninger-ziiting.ch\/index.php?rest_route=\/wp\/v2\/pages\/126\/revisions"}],"predecessor-version":[{"id":127,"href":"https:\/\/loehninger-ziiting.ch\/index.php?rest_route=\/wp\/v2\/pages\/126\/revisions\/127"}],"wp:attachment":[{"href":"https:\/\/loehninger-ziiting.ch\/index.php?rest_route=%2Fwp%2Fv2%2Fmedia&parent=126"}],"curies":[{"name":"wp","href":"https:\/\/api.w.org\/{rel}","templated":true}]}}