{"id":79,"date":"2020-10-26T06:06:35","date_gmt":"2020-10-26T06:06:35","guid":{"rendered":"https:\/\/loehninger-ziiting.ch\/?page_id=79"},"modified":"2020-10-26T06:06:35","modified_gmt":"2020-10-26T06:06:35","slug":"archiv-ausgabe-2","status":"publish","type":"page","link":"https:\/\/loehninger-ziiting.ch\/?page_id=79","title":{"rendered":"Archiv Ausgabe 2"},"content":{"rendered":"<p><strong>&#8222;Sch\u00f6n war es in der L\u00f6hninger Schule!&#8220;<\/strong><\/p>\n<p>Die 6. Kl\u00e4ssler haben einen Comic gezeichnet, den Sie <a href=\"https:\/\/loehninger-ziiting.ch\/wp-content\/uploads\/2020\/08\/Comic.pdf\" target=\"_blank\" rel=\"noopener noreferrer\">hier<\/a> anschauen k\u00f6nnen.<\/p>\n<p><strong>Mundart<\/strong><\/p>\n<p>Wenn Sie nicht alle Mundart-Ausdr\u00fccke verstanden haben, k\u00f6nnen Sie alle hier nachlesen:<\/p>\n<p><strong>gherbschtet:<\/strong> Trauben gelesen, ernten<br \/>\n<strong>B\u00fccki:<\/strong> Butte, R\u00fcckentraggef\u00e4ss f\u00fcr Trauben bei der Weinlese<br \/>\n<strong>Truubeh\u00fceter:<\/strong> von den Rebbauern angestellter Mann, der im Herbst die Weinberge bewacht und die V\u00f6gel verscheucht<br \/>\n<strong>Uusb\u00fc\u00fcti:<\/strong> Ausbeute<br \/>\n<strong>Schoreniggeli:<\/strong> Fruchtansatz der Kirsche<br \/>\n<strong>T\u00fcnne:<\/strong> Fladenkuchen mit verschiedensten Bel\u00e4gen, meist mit Ei-Rahm-Guss<br \/>\n<strong>Zw\u00e4gschte:<\/strong> Zwetschge<br \/>\n<strong>Meggser:<\/strong> Metzger<br \/>\n<strong>Br\u00e4ss\u00e4pf:<\/strong> Presshefe<br \/>\n<strong>Z\u00fcmis:<\/strong> Mittagessen oder 2. Zwischenmahlzeit am Nachmittag<br \/>\n<strong>Herbschterinne:<\/strong> Helferinnen bei der Weinlese<br \/>\n<strong>Ben\u00e4tscht\u00fcnne:<\/strong> Spinatw\u00e4he<br \/>\n<strong>B\u00f6llet\u00fcnne:<\/strong> Zwiebelw\u00e4he<br \/>\n<strong>Guggumere:<\/strong> Gurke<br \/>\n<strong>Guguuchele:<\/strong> L\u00f6wenzahn<br \/>\n<strong>en Eier:<\/strong> ein Ei<br \/>\n<strong>zwaa:<\/strong> zwei<br \/>\n<strong>Schtierenauge:<\/strong> Spiegeleier<\/p>\n<p><em>Quellen: Schaffhauser Mundartw\u00f6rterbuch, Idiotikon<\/em><\/p>\n","protected":false},"excerpt":{"rendered":"<p>&#8222;Sch\u00f6n war es in der L\u00f6hninger Schule!&#8220; Die 6. Kl\u00e4ssler haben einen Comic gezeichnet, den Sie hier anschauen k\u00f6nnen. Mundart Wenn Sie nicht alle Mundart-Ausdr\u00fccke [&#8230;]<\/p>\n","protected":false},"author":1,"featured_media":0,"parent":0,"menu_order":0,"comment_status":"closed","ping_status":"closed","template":"","meta":{"footnotes":""},"class_list":["post-79","page","type-page","status-publish","hentry"],"_links":{"self":[{"href":"https:\/\/loehninger-ziiting.ch\/index.php?rest_route=\/wp\/v2\/pages\/79","targetHints":{"allow":["GET"]}}],"collection":[{"href":"https:\/\/loehninger-ziiting.ch\/index.php?rest_route=\/wp\/v2\/pages"}],"about":[{"href":"https:\/\/loehninger-ziiting.ch\/index.php?rest_route=\/wp\/v2\/types\/page"}],"author":[{"embeddable":true,"href":"https:\/\/loehninger-ziiting.ch\/index.php?rest_route=\/wp\/v2\/users\/1"}],"replies":[{"embeddable":true,"href":"https:\/\/loehninger-ziiting.ch\/index.php?rest_route=%2Fwp%2Fv2%2Fcomments&post=79"}],"version-history":[{"count":1,"href":"https:\/\/loehninger-ziiting.ch\/index.php?rest_route=\/wp\/v2\/pages\/79\/revisions"}],"predecessor-version":[{"id":80,"href":"https:\/\/loehninger-ziiting.ch\/index.php?rest_route=\/wp\/v2\/pages\/79\/revisions\/80"}],"wp:attachment":[{"href":"https:\/\/loehninger-ziiting.ch\/index.php?rest_route=%2Fwp%2Fv2%2Fmedia&parent=79"}],"curies":[{"name":"wp","href":"https:\/\/api.w.org\/{rel}","templated":true}]}}