{"id":93,"date":"2021-02-14T07:18:33","date_gmt":"2021-02-14T07:18:33","guid":{"rendered":"https:\/\/loehninger-ziiting.ch\/?page_id=93"},"modified":"2021-02-14T07:18:39","modified_gmt":"2021-02-14T07:18:39","slug":"archiv-ausgabe-3","status":"publish","type":"page","link":"https:\/\/loehninger-ziiting.ch\/?page_id=93","title":{"rendered":"Archiv Ausgabe 3"},"content":{"rendered":"<p><strong>Mundart<\/strong><\/p>\n<p>Wenn Sie nicht alle Mundart-Ausdr\u00fccke verstanden haben, k\u00f6nnen Sie alle hier nachlesen:<\/p>\n<p><strong>B\u00f6\u00f6mm:<\/strong> B\u00e4ume<br \/>\n<strong>miini T\u00f6chter:<\/strong> meine Tochter<br \/>\n<strong>raschlet:<\/strong> rascheln<br \/>\n<strong>\u00dc\u00fcle:<\/strong> Eule<br \/>\n<strong>emene Ei:<\/strong> ein Ei<br \/>\n<strong>Losche:<\/strong> Wasserpf\u00fctze<br \/>\n<strong>pflootsche:<\/strong> mit Wasser herumspritzen<br \/>\n<strong>blutt:<\/strong> nackt<br \/>\n<strong>schlittsch\u00fcele:<\/strong> Schlittschuh laufen<br \/>\n<strong>Amediisli: <\/strong>Pulsw\u00e4rmer<br \/>\n<strong>Hendsche:<\/strong> Handschuhe<br \/>\n<strong>Tschoppe:<\/strong> Jacke<br \/>\n<strong>Ufsetzlumpe:<\/strong> Kopftuch der B\u00e4uerin<br \/>\n<strong>bloos e falschi Aalegi:<\/strong> nur falsch angezogen<\/p>\n<p><em>Quellen: Schaffhauser Mundartw\u00f6rterbuch, Idiotikon<\/em><\/p>\n","protected":false},"excerpt":{"rendered":"<p>Mundart Wenn Sie nicht alle Mundart-Ausdr\u00fccke verstanden haben, k\u00f6nnen Sie alle hier nachlesen: B\u00f6\u00f6mm: B\u00e4ume miini T\u00f6chter: meine Tochter raschlet: rascheln \u00dc\u00fcle: Eule emene Ei: [&#8230;]<\/p>\n","protected":false},"author":1,"featured_media":0,"parent":0,"menu_order":0,"comment_status":"closed","ping_status":"closed","template":"","meta":{"footnotes":""},"class_list":["post-93","page","type-page","status-publish","hentry"],"_links":{"self":[{"href":"https:\/\/loehninger-ziiting.ch\/index.php?rest_route=\/wp\/v2\/pages\/93","targetHints":{"allow":["GET"]}}],"collection":[{"href":"https:\/\/loehninger-ziiting.ch\/index.php?rest_route=\/wp\/v2\/pages"}],"about":[{"href":"https:\/\/loehninger-ziiting.ch\/index.php?rest_route=\/wp\/v2\/types\/page"}],"author":[{"embeddable":true,"href":"https:\/\/loehninger-ziiting.ch\/index.php?rest_route=\/wp\/v2\/users\/1"}],"replies":[{"embeddable":true,"href":"https:\/\/loehninger-ziiting.ch\/index.php?rest_route=%2Fwp%2Fv2%2Fcomments&post=93"}],"version-history":[{"count":1,"href":"https:\/\/loehninger-ziiting.ch\/index.php?rest_route=\/wp\/v2\/pages\/93\/revisions"}],"predecessor-version":[{"id":94,"href":"https:\/\/loehninger-ziiting.ch\/index.php?rest_route=\/wp\/v2\/pages\/93\/revisions\/94"}],"wp:attachment":[{"href":"https:\/\/loehninger-ziiting.ch\/index.php?rest_route=%2Fwp%2Fv2%2Fmedia&parent=93"}],"curies":[{"name":"wp","href":"https:\/\/api.w.org\/{rel}","templated":true}]}}